{"id":1934,"date":"2022-01-28T09:36:19","date_gmt":"2022-01-28T08:36:19","guid":{"rendered":"http:\/\/www.nova-consulting.fr\/en\/?page_id=1934"},"modified":"2022-03-15T13:03:19","modified_gmt":"2022-03-15T12:03:19","slug":"our-mission","status":"publish","type":"page","link":"https:\/\/www.nova-consulting.fr\/en\/our-mission\/","title":{"rendered":"Our mission"},"content":{"rendered":"\t\t<div data-elementor-type=\"wp-page\" data-elementor-id=\"1934\" class=\"elementor elementor-1934\">\n\t\t\t\t\t\t\t\t\t<div class=\"elementor-section elementor-top-section elementor-element elementor-element-a42713b elementor-section-content-middle elementor-section-boxed elementor-section-height-default elementor-section-height-default\" data-id=\"a42713b\" data-element_type=\"section\" data-settings=\"{&quot;background_background&quot;:&quot;classic&quot;}\">\r\n\t\t\t\r\n\t\t\t\t\t\t\t\t\t<div class=\"elementor-container elementor-column-gap-default\">\r\n\t\t\t\t\t\t\t\t\t\t\t<div class=\"elementor-column elementor-col-100 elementor-top-column elementor-element elementor-element-22bc6cd\" data-id=\"22bc6cd\" data-element_type=\"column\">\r\n\r\n\t\t\t\t\t<div class=\"elementor-widget-wrap elementor-element-populated\">\r\n\t\t\t\t\t\t\t\t<div class=\"elementor-element elementor-element-8e493f9 elementor-widget elementor-widget-text-editor\" data-id=\"8e493f9\" data-element_type=\"widget\" data-widget_type=\"text-editor.default\">\n\t\t\t\t<div class=\"elementor-widget-container\">\n\t\t\t<style>\/*! elementor - v3.6.1 - 23-03-2022 *\/\n.elementor-widget-text-editor.elementor-drop-cap-view-stacked .elementor-drop-cap{background-color:#818a91;color:#fff}.elementor-widget-text-editor.elementor-drop-cap-view-framed .elementor-drop-cap{color:#818a91;border:3px solid;background-color:transparent}.elementor-widget-text-editor:not(.elementor-drop-cap-view-default) .elementor-drop-cap{margin-top:8px}.elementor-widget-text-editor:not(.elementor-drop-cap-view-default) .elementor-drop-cap-letter{width:1em;height:1em}.elementor-widget-text-editor .elementor-drop-cap{float:left;text-align:center;line-height:1;font-size:50px}.elementor-widget-text-editor .elementor-drop-cap-letter{display:inline-block}<\/style>\t\t\t\t<p style=\"text-align: center;\"><span style=\"font-size: 36px; color: #ffffff;\">FDW. GREEN c&#8217;est une \u00e9quipe <span style=\"color: black;\">engag\u00e9e<\/span><\/span><\/p>\n<p style=\"text-align: center;\"><span style=\"font-size: 36px; color: #ffffff;\">pour une soci\u00e9t\u00e9 plus <span style=\"color: black;\">durable<\/span>.<\/span><\/p>\t\t\t\t\t\t<\/div>\n\t\t\t\t<\/div>\n\t\t\t\t\t<\/div>\r\n\t\t\t\t<\/div>\r\n\t\t\t\t\t\t<\/div>\r\n\t\t\t\t<\/div>\r\n\t\t\t\t<section class=\"elementor-section elementor-top-section elementor-element elementor-element-2f4afc7 elementor-section-boxed elementor-section-height-default elementor-section-height-default\" data-id=\"2f4afc7\" data-element_type=\"section\">\r\n\t\t\t\r\n\t\t\t\t\t\t\t\t\t<div class=\"elementor-container elementor-column-gap-default\">\r\n\t\t\t\t\t\t\t\t\t\t\t<div class=\"elementor-column elementor-col-100 elementor-top-column elementor-element elementor-element-c18b1bc\" data-id=\"c18b1bc\" data-element_type=\"column\">\r\n\r\n\t\t\t\t\t<div class=\"elementor-widget-wrap elementor-element-populated\">\r\n\t\t\t\t\t\t\t\t<div class=\"elementor-element elementor-element-13c4b48 elementor-widget elementor-widget-heading\" data-id=\"13c4b48\" data-element_type=\"widget\" data-widget_type=\"heading.default\">\n\t\t\t\t<div class=\"elementor-widget-container\">\n\t\t\t<style>\/*! elementor - v3.6.1 - 23-03-2022 *\/\n.elementor-heading-title{padding:0;margin:0;line-height:1}.elementor-widget-heading .elementor-heading-title[class*=elementor-size-]>a{color:inherit;font-size:inherit;line-height:inherit}.elementor-widget-heading .elementor-heading-title.elementor-size-small{font-size:15px}.elementor-widget-heading .elementor-heading-title.elementor-size-medium{font-size:19px}.elementor-widget-heading .elementor-heading-title.elementor-size-large{font-size:29px}.elementor-widget-heading .elementor-heading-title.elementor-size-xl{font-size:39px}.elementor-widget-heading .elementor-heading-title.elementor-size-xxl{font-size:59px}<\/style><h2 class=\"elementor-heading-title elementor-size-default\">Notre mission<\/h2>\t\t<\/div>\n\t\t\t\t<\/div>\n\t\t\t\t<div class=\"elementor-element elementor-element-9966895 elementor-widget elementor-widget-text-editor\" data-id=\"9966895\" data-element_type=\"widget\" data-widget_type=\"text-editor.default\">\n\t\t\t\t<div class=\"elementor-widget-container\">\n\t\t\t\t\t\t\t<p><img loading=\"lazy\" decoding=\"async\" class=\"aligncenter size-full wp-image-2467\" src=\"https:\/\/www.nova-consulting.fr\/en\/wp-content\/uploads\/2022\/02\/ozadje1.png\" alt=\"\" width=\"1024\" height=\"250\" srcset=\"https:\/\/www.nova-consulting.fr\/en\/wp-content\/uploads\/2022\/02\/ozadje1.png 1024w, https:\/\/www.nova-consulting.fr\/en\/wp-content\/uploads\/2022\/02\/ozadje1-768x188.png 768w, https:\/\/www.nova-consulting.fr\/en\/wp-content\/uploads\/2022\/02\/ozadje1-640x156.png 640w, https:\/\/www.nova-consulting.fr\/en\/wp-content\/uploads\/2022\/02\/ozadje1-400x98.png 400w\" sizes=\"auto, (max-width: 1024px) 100vw, 1024px\" \/><\/p><p>Nous accompagnons toutes les PME et ETI dans leur souhait d&#8217;adopter une v\u00e9ritable strat\u00e9gie RSE et dans la mise en place d&#8217;actions concr\u00e8tes et impactantes. Nous leur fournissons une solution innovante, collaborative et engageante pour faciliter la mise en oeuvre d&#8217;actions RSE au sein de leurs entreprises.<\/p><p>\u200dNous innovons en associant expertise humaine et technologie logicielle.<\/p><p>\u200dL&#8217;innovation est au coeur de notre projet. Nous avons d\u00e9velopp\u00e9 un outil SaaS, sp\u00e9cifiquement con\u00e7u pour les responsables RSE, r\u00e9pondant aux v\u00e9ritables enjeux du d\u00e9veloppement durable en entreprise. Lorsque notre logiciel est pilot\u00e9 par nos experts RSE, nous offrons alors un service complet et innovant.<\/p>\t\t\t\t\t\t<\/div>\n\t\t\t\t<\/div>\n\t\t\t\t\t<\/div>\r\n\t\t\t\t<\/div>\r\n\t\t\t\t\t\t<\/div>\r\n\t\t\t\t<\/section>\r\n\t\t\t\t<section class=\"elementor-section elementor-top-section elementor-element elementor-element-a2b1999 elementor-section-boxed elementor-section-height-default elementor-section-height-default\" data-id=\"a2b1999\" data-element_type=\"section\">\r\n\t\t\t\r\n\t\t\t\t\t\t\t\t\t<div class=\"elementor-container elementor-column-gap-default\">\r\n\t\t\t\t\t\t\t\t\t\t\t<div class=\"elementor-column elementor-col-100 elementor-top-column elementor-element elementor-element-bf148dd\" data-id=\"bf148dd\" data-element_type=\"column\">\r\n\r\n\t\t\t\t\t<div class=\"elementor-widget-wrap elementor-element-populated\">\r\n\t\t\t\t\t\t\t\t<div class=\"elementor-element elementor-element-dc7790f elementor-widget elementor-widget-heading\" data-id=\"dc7790f\" data-element_type=\"widget\" data-widget_type=\"heading.default\">\n\t\t\t\t<div class=\"elementor-widget-container\">\n\t\t\t<h2 class=\"elementor-heading-title elementor-size-default\">Nos valeurs <\/h2>\t\t<\/div>\n\t\t\t\t<\/div>\n\t\t\t\t<div class=\"elementor-element elementor-element-e8b60c2 elementor-widget elementor-widget-text-editor\" data-id=\"e8b60c2\" data-element_type=\"widget\" data-widget_type=\"text-editor.default\">\n\t\t\t\t<div class=\"elementor-widget-container\">\n\t\t\t\t\t\t\t<p><span style=\"color: #57bbbf;\"><strong><span style=\"font-size: 20px;\">Efficacit\u00e9 &amp; Pragmatisme<\/span><\/strong><\/span><\/p><p>Chez Altopi nous avons \u00e0 c\u0153ur de rendre le d\u00e9veloppement durable concret et accessible.<\/p><p>La RSE est un domaine vaste et complexe, il est facile de s&#8217;y noyer ! Notre objectif est de porter l&#8217;engagement des entreprises en leur fournissant des id\u00e9es d&#8217;actions simples et impactantes.<\/p><p>Nous sommes persuad\u00e9s que c&#8217;est la meilleure m\u00e9thode pour que les entreprises engag\u00e9es participent efficacement \u00e0 l&#8217;am\u00e9lioration de notre soci\u00e9t\u00e9.<\/p>\t\t\t\t\t\t<\/div>\n\t\t\t\t<\/div>\n\t\t\t\t\t<\/div>\r\n\t\t\t\t<\/div>\r\n\t\t\t\t\t\t<\/div>\r\n\t\t\t\t<\/section>\r\n\t\t\t\t<section class=\"elementor-section elementor-top-section elementor-element elementor-element-fc8d3c0 elementor-section-boxed elementor-section-height-default elementor-section-height-default\" data-id=\"fc8d3c0\" data-element_type=\"section\" data-settings=\"{&quot;background_background&quot;:&quot;classic&quot;}\">\r\n\t\t\t\r\n\t\t\t\t\t\t\t\t\t<div class=\"elementor-container elementor-column-gap-default\">\r\n\t\t\t\t\t\t\t\t\t\t\t<div class=\"elementor-column elementor-col-100 elementor-top-column elementor-element elementor-element-5fb1064\" data-id=\"5fb1064\" data-element_type=\"column\">\r\n\r\n\t\t\t\t\t<div class=\"elementor-widget-wrap elementor-element-populated\">\r\n\t\t\t\t\t\t\t\t<div class=\"elementor-element elementor-element-c351489 elementor-widget elementor-widget-text-editor\" data-id=\"c351489\" data-element_type=\"widget\" data-widget_type=\"text-editor.default\">\n\t\t\t\t<div class=\"elementor-widget-container\">\n\t\t\t\t\t\t\t<p><span style=\"color: #0000ff;\"><span style=\"font-size: 20px;\"><b><img loading=\"lazy\" decoding=\"async\" class=\" wp-image-1982 alignright\" src=\"https:\/\/www.nova-consulting.fr\/en\/wp-content\/uploads\/2022\/01\/ikona1.png\" alt=\"\" width=\"155\" height=\"155\" \/><span style=\"color: #57bbbf;\">Bienveillance &amp; bonne humeur<\/span><\/b><\/span><\/span><\/p><p>Ce n\u2019est pas parce que l\u2019enjeu du d\u00e9veloppement durable est capital que nous devons en perdre le sourire !<\/p><p>Notre mission est fondamentale, et toute l\u2019\u00e9quipe d\u2019Altopi travaille avec entrain et conviction pour la rendre possible. L\u2019humain y est la cl\u00e9 de la r\u00e9ussite, la bienveillance et la bonne humeur y sont indispensables !<\/p>\t\t\t\t\t\t<\/div>\n\t\t\t\t<\/div>\n\t\t\t\t\t<\/div>\r\n\t\t\t\t<\/div>\r\n\t\t\t\t\t\t<\/div>\r\n\t\t\t\t<\/section>\r\n\t\t\t\t<section class=\"elementor-section elementor-top-section elementor-element elementor-element-87f4e8b elementor-section-boxed elementor-section-height-default elementor-section-height-default\" data-id=\"87f4e8b\" data-element_type=\"section\">\r\n\t\t\t\r\n\t\t\t\t\t\t\t\t\t<div class=\"elementor-container elementor-column-gap-default\">\r\n\t\t\t\t\t\t\t\t\t\t\t<div class=\"elementor-column elementor-col-100 elementor-top-column elementor-element elementor-element-af33823\" data-id=\"af33823\" data-element_type=\"column\">\r\n\r\n\t\t\t\t\t<div class=\"elementor-widget-wrap elementor-element-populated\">\r\n\t\t\t\t\t\t\t\t<div class=\"elementor-element elementor-element-05acaee elementor-widget elementor-widget-text-editor\" data-id=\"05acaee\" data-element_type=\"widget\" data-widget_type=\"text-editor.default\">\n\t\t\t\t<div class=\"elementor-widget-container\">\n\t\t\t\t\t\t\t<p><span style=\"color: #57bbbf;\"><strong><span style=\"font-size: 20px;\">Efficacit\u00e9 &amp; Pragmatisme<\/span><\/strong><\/span><\/p><p>Chez Altopi nous avons \u00e0 c\u0153ur de rendre le d\u00e9veloppement durable concret et accessible.<\/p><p>La RSE est un domaine vaste et complexe, il est facile de s&#8217;y noyer ! Notre objectif est de porter l&#8217;engagement des entreprises en leur fournissant des id\u00e9es d&#8217;actions simples et impactantes.<\/p><p>Nous sommes persuad\u00e9s que c&#8217;est la meilleure m\u00e9thode pour que les entreprises engag\u00e9es participent efficacement \u00e0 l&#8217;am\u00e9lioration de notre soci\u00e9t\u00e9.<\/p>\t\t\t\t\t\t<\/div>\n\t\t\t\t<\/div>\n\t\t\t\t\t<\/div>\r\n\t\t\t\t<\/div>\r\n\t\t\t\t\t\t<\/div>\r\n\t\t\t\t<\/section>\r\n\t\t\t\t\t\t\t<\/div>\n\t\t","protected":false},"excerpt":{"rendered":"<p>FDW. GREEN c&#8217;est une \u00e9quipe engag\u00e9e pour une soci\u00e9t\u00e9 plus durable. Notre mission Nous accompagnons toutes les PME et ETI dans leur souhait d&#8217;adopter une v\u00e9ritable strat\u00e9gie RSE et dans la mise en place d&#8217;actions concr\u00e8tes et impactantes. Nous leur fournissons une solution innovante, collaborative et engageante pour faciliter la mise en oeuvre d&#8217;actions RSE [&hellip;]<\/p>\n","protected":false},"author":1,"featured_media":0,"parent":0,"menu_order":0,"comment_status":"closed","ping_status":"closed","template":"","meta":{"footnotes":""},"class_list":["post-1934","page","type-page","status-publish","hentry"],"yoast_head":"<!-- This site is optimized with the Yoast SEO plugin v18.4.1 - https:\/\/yoast.com\/wordpress\/plugins\/seo\/ -->\n<title>Our mission - Nova-consulting.fr<\/title>\n<meta name=\"robots\" content=\"noindex, follow, max-snippet:-1, max-image-preview:large, max-video-preview:-1\" \/>\n<meta property=\"og:locale\" content=\"sl_SI\" \/>\n<meta property=\"og:type\" content=\"article\" \/>\n<meta property=\"og:title\" content=\"Our mission - Nova-consulting.fr\" \/>\n<meta property=\"og:description\" content=\"FDW. GREEN c&#8217;est une \u00e9quipe engag\u00e9e pour une soci\u00e9t\u00e9 plus durable. Notre mission Nous accompagnons toutes les PME et ETI dans leur souhait d&#8217;adopter une v\u00e9ritable strat\u00e9gie RSE et dans la mise en place d&#8217;actions concr\u00e8tes et impactantes. Nous leur fournissons une solution innovante, collaborative et engageante pour faciliter la mise en oeuvre d&#8217;actions RSE [&hellip;]\" \/>\n<meta property=\"og:url\" content=\"https:\/\/www.nova-consulting.fr\/en\/our-mission\/\" \/>\n<meta property=\"og:site_name\" content=\"Nova-consulting.fr\" \/>\n<meta property=\"article:modified_time\" content=\"2022-03-15T12:03:19+00:00\" \/>\n<meta property=\"og:image\" content=\"https:\/\/www.nova-consulting.fr\/en\/wp-content\/uploads\/2022\/02\/ozadje1.png\" \/>\n<meta name=\"twitter:card\" content=\"summary_large_image\" \/>\n<meta name=\"twitter:label1\" content=\"Est. reading time\" \/>\n\t<meta name=\"twitter:data1\" content=\"3 minute\" \/>\n<script type=\"application\/ld+json\" class=\"yoast-schema-graph\">{\"@context\":\"https:\/\/schema.org\",\"@graph\":[{\"@type\":\"WebSite\",\"@id\":\"https:\/\/www.nova-consulting.fr\/en\/#website\",\"url\":\"https:\/\/www.nova-consulting.fr\/en\/\",\"name\":\"Nova-consulting.fr\",\"description\":\"\",\"potentialAction\":[{\"@type\":\"SearchAction\",\"target\":{\"@type\":\"EntryPoint\",\"urlTemplate\":\"https:\/\/www.nova-consulting.fr\/en\/?s={search_term_string}\"},\"query-input\":\"required name=search_term_string\"}],\"inLanguage\":\"sl-SI\"},{\"@type\":\"ImageObject\",\"@id\":\"https:\/\/www.nova-consulting.fr\/en\/our-mission\/#primaryimage\",\"inLanguage\":\"sl-SI\",\"url\":\"https:\/\/www.nova-consulting.fr\/en\/wp-content\/uploads\/2022\/02\/ozadje1.png\",\"contentUrl\":\"https:\/\/www.nova-consulting.fr\/en\/wp-content\/uploads\/2022\/02\/ozadje1.png\",\"width\":1024,\"height\":250},{\"@type\":\"WebPage\",\"@id\":\"https:\/\/www.nova-consulting.fr\/en\/our-mission\/#webpage\",\"url\":\"https:\/\/www.nova-consulting.fr\/en\/our-mission\/\",\"name\":\"Our mission - Nova-consulting.fr\",\"isPartOf\":{\"@id\":\"https:\/\/www.nova-consulting.fr\/en\/#website\"},\"primaryImageOfPage\":{\"@id\":\"https:\/\/www.nova-consulting.fr\/en\/our-mission\/#primaryimage\"},\"datePublished\":\"2022-01-28T08:36:19+00:00\",\"dateModified\":\"2022-03-15T12:03:19+00:00\",\"breadcrumb\":{\"@id\":\"https:\/\/www.nova-consulting.fr\/en\/our-mission\/#breadcrumb\"},\"inLanguage\":\"sl-SI\",\"potentialAction\":[{\"@type\":\"ReadAction\",\"target\":[\"https:\/\/www.nova-consulting.fr\/en\/our-mission\/\"]}]},{\"@type\":\"BreadcrumbList\",\"@id\":\"https:\/\/www.nova-consulting.fr\/en\/our-mission\/#breadcrumb\",\"itemListElement\":[{\"@type\":\"ListItem\",\"position\":1,\"name\":\"Home\",\"item\":\"https:\/\/www.nova-consulting.fr\/en\/\"},{\"@type\":\"ListItem\",\"position\":2,\"name\":\"Our mission\"}]}]}<\/script>\n<!-- \/ Yoast SEO plugin. -->","yoast_head_json":{"title":"Our mission - Nova-consulting.fr","robots":{"index":"noindex","follow":"follow","max-snippet":"max-snippet:-1","max-image-preview":"max-image-preview:large","max-video-preview":"max-video-preview:-1"},"og_locale":"sl_SI","og_type":"article","og_title":"Our mission - Nova-consulting.fr","og_description":"FDW. GREEN c&#8217;est une \u00e9quipe engag\u00e9e pour une soci\u00e9t\u00e9 plus durable. Notre mission Nous accompagnons toutes les PME et ETI dans leur souhait d&#8217;adopter une v\u00e9ritable strat\u00e9gie RSE et dans la mise en place d&#8217;actions concr\u00e8tes et impactantes. Nous leur fournissons une solution innovante, collaborative et engageante pour faciliter la mise en oeuvre d&#8217;actions RSE [&hellip;]","og_url":"https:\/\/www.nova-consulting.fr\/en\/our-mission\/","og_site_name":"Nova-consulting.fr","article_modified_time":"2022-03-15T12:03:19+00:00","og_image":[{"url":"https:\/\/www.nova-consulting.fr\/en\/wp-content\/uploads\/2022\/02\/ozadje1.png"}],"twitter_card":"summary_large_image","twitter_misc":{"Est. reading time":"3 minute"},"schema":{"@context":"https:\/\/schema.org","@graph":[{"@type":"WebSite","@id":"https:\/\/www.nova-consulting.fr\/en\/#website","url":"https:\/\/www.nova-consulting.fr\/en\/","name":"Nova-consulting.fr","description":"","potentialAction":[{"@type":"SearchAction","target":{"@type":"EntryPoint","urlTemplate":"https:\/\/www.nova-consulting.fr\/en\/?s={search_term_string}"},"query-input":"required name=search_term_string"}],"inLanguage":"sl-SI"},{"@type":"ImageObject","@id":"https:\/\/www.nova-consulting.fr\/en\/our-mission\/#primaryimage","inLanguage":"sl-SI","url":"https:\/\/www.nova-consulting.fr\/en\/wp-content\/uploads\/2022\/02\/ozadje1.png","contentUrl":"https:\/\/www.nova-consulting.fr\/en\/wp-content\/uploads\/2022\/02\/ozadje1.png","width":1024,"height":250},{"@type":"WebPage","@id":"https:\/\/www.nova-consulting.fr\/en\/our-mission\/#webpage","url":"https:\/\/www.nova-consulting.fr\/en\/our-mission\/","name":"Our mission - Nova-consulting.fr","isPartOf":{"@id":"https:\/\/www.nova-consulting.fr\/en\/#website"},"primaryImageOfPage":{"@id":"https:\/\/www.nova-consulting.fr\/en\/our-mission\/#primaryimage"},"datePublished":"2022-01-28T08:36:19+00:00","dateModified":"2022-03-15T12:03:19+00:00","breadcrumb":{"@id":"https:\/\/www.nova-consulting.fr\/en\/our-mission\/#breadcrumb"},"inLanguage":"sl-SI","potentialAction":[{"@type":"ReadAction","target":["https:\/\/www.nova-consulting.fr\/en\/our-mission\/"]}]},{"@type":"BreadcrumbList","@id":"https:\/\/www.nova-consulting.fr\/en\/our-mission\/#breadcrumb","itemListElement":[{"@type":"ListItem","position":1,"name":"Home","item":"https:\/\/www.nova-consulting.fr\/en\/"},{"@type":"ListItem","position":2,"name":"Our mission"}]}]}},"_links":{"self":[{"href":"https:\/\/www.nova-consulting.fr\/en\/wp-json\/wp\/v2\/pages\/1934","targetHints":{"allow":["GET"]}}],"collection":[{"href":"https:\/\/www.nova-consulting.fr\/en\/wp-json\/wp\/v2\/pages"}],"about":[{"href":"https:\/\/www.nova-consulting.fr\/en\/wp-json\/wp\/v2\/types\/page"}],"author":[{"embeddable":true,"href":"https:\/\/www.nova-consulting.fr\/en\/wp-json\/wp\/v2\/users\/1"}],"replies":[{"embeddable":true,"href":"https:\/\/www.nova-consulting.fr\/en\/wp-json\/wp\/v2\/comments?post=1934"}],"version-history":[{"count":74,"href":"https:\/\/www.nova-consulting.fr\/en\/wp-json\/wp\/v2\/pages\/1934\/revisions"}],"predecessor-version":[{"id":2586,"href":"https:\/\/www.nova-consulting.fr\/en\/wp-json\/wp\/v2\/pages\/1934\/revisions\/2586"}],"wp:attachment":[{"href":"https:\/\/www.nova-consulting.fr\/en\/wp-json\/wp\/v2\/media?parent=1934"}],"curies":[{"name":"wp","href":"https:\/\/api.w.org\/{rel}","templated":true}]}}