{"id":2047,"date":"2022-02-02T13:55:10","date_gmt":"2022-02-02T12:55:10","guid":{"rendered":"http:\/\/www.nova-consulting.fr\/en\/?page_id=2047"},"modified":"2022-03-30T10:14:52","modified_gmt":"2022-03-30T09:14:52","slug":"about-us","status":"publish","type":"page","link":"https:\/\/www.nova-consulting.fr\/en\/about-us\/","title":{"rendered":"About us"},"content":{"rendered":"\t\t<div data-elementor-type=\"wp-page\" data-elementor-id=\"2047\" class=\"elementor elementor-2047\">\n\t\t\t\t\t\t\t\t\t<div class=\"elementor-section elementor-top-section elementor-element elementor-element-7fd79cb elementor-section-content-middle elementor-section-boxed elementor-section-height-default elementor-section-height-default\" data-id=\"7fd79cb\" data-element_type=\"section\" data-settings=\"{&quot;background_background&quot;:&quot;classic&quot;}\">\r\n\t\t\t\r\n\t\t\t\t\t\t\t\t\t<div class=\"elementor-container elementor-column-gap-default\">\r\n\t\t\t\t\t\t\t\t\t\t\t<div class=\"elementor-column elementor-col-100 elementor-top-column elementor-element elementor-element-5062bc9\" data-id=\"5062bc9\" data-element_type=\"column\">\r\n\r\n\t\t\t\t\t<div class=\"elementor-widget-wrap elementor-element-populated\">\r\n\t\t\t\t\t\t\t\t<div class=\"elementor-element elementor-element-c21fc3d elementor-widget elementor-widget-text-editor\" data-id=\"c21fc3d\" data-element_type=\"widget\" data-widget_type=\"text-editor.default\">\n\t\t\t\t<div class=\"elementor-widget-container\">\n\t\t\t<style>\/*! elementor - v3.6.1 - 23-03-2022 *\/\n.elementor-widget-text-editor.elementor-drop-cap-view-stacked .elementor-drop-cap{background-color:#818a91;color:#fff}.elementor-widget-text-editor.elementor-drop-cap-view-framed .elementor-drop-cap{color:#818a91;border:3px solid;background-color:transparent}.elementor-widget-text-editor:not(.elementor-drop-cap-view-default) .elementor-drop-cap{margin-top:8px}.elementor-widget-text-editor:not(.elementor-drop-cap-view-default) .elementor-drop-cap-letter{width:1em;height:1em}.elementor-widget-text-editor .elementor-drop-cap{float:left;text-align:center;line-height:1;font-size:50px}.elementor-widget-text-editor .elementor-drop-cap-letter{display:inline-block}<\/style>\t\t\t\t<p style=\"text-align: center;\"><span style=\"font-size: 36px; color: #ffffff;\">Qui sommes nous<\/p>\t\t\t\t\t\t<\/div>\n\t\t\t\t<\/div>\n\t\t\t\t\t<\/div>\r\n\t\t\t\t<\/div>\r\n\t\t\t\t\t\t<\/div>\r\n\t\t\t\t<\/div>\r\n\t\t\t\t<section class=\"elementor-section elementor-top-section elementor-element elementor-element-7ee5bce elementor-section-boxed elementor-section-height-default elementor-section-height-default\" data-id=\"7ee5bce\" data-element_type=\"section\">\r\n\t\t\t\r\n\t\t\t\t\t\t\t\t\t<div class=\"elementor-container elementor-column-gap-default\">\r\n\t\t\t\t\t\t\t\t\t\t\t<div class=\"elementor-column elementor-col-100 elementor-top-column elementor-element elementor-element-28a34c6\" data-id=\"28a34c6\" data-element_type=\"column\">\r\n\r\n\t\t\t\t\t<div class=\"elementor-widget-wrap elementor-element-populated\">\r\n\t\t\t\t\t\t\t\t<div class=\"elementor-element elementor-element-f5599e7 elementor-widget elementor-widget-text-editor\" data-id=\"f5599e7\" data-element_type=\"widget\" data-widget_type=\"text-editor.default\">\n\t\t\t\t<div class=\"elementor-widget-container\">\n\t\t\t\t\t\t\t<section class=\"elementor-section elementor-top-section elementor-element elementor-element-efc2849 elementor-section-boxed elementor-section-height-default elementor-section-height-default\" data-id=\"efc2849\" data-element_type=\"section\"><div class=\"elementor-container elementor-column-gap-default\"><div class=\"elementor-column elementor-col-100 elementor-top-column elementor-element elementor-element-e204294\" data-id=\"e204294\" data-element_type=\"column\"><div class=\"elementor-widget-wrap elementor-element-populated\"><div class=\"elementor-element elementor-element-594ba4e elementor-widget elementor-widget-text-editor\" data-id=\"594ba4e\" data-element_type=\"widget\" data-widget_type=\"text-editor.default\"><div class=\"elementor-widget-container\"><p><span style=\"color: #000000;\"><strong>A2 Consulting est un <\/strong><strong>cabinet de conseil ind\u00e9pendant<\/strong>, port\u00e9 par d\u2019importants engagements de responsabilit\u00e9 sociale et soci\u00e9tale. Choisir A2 Consulting, c\u2019est se fier \u00e0 une culture de la qualit\u00e9 h\u00e9rit\u00e9e des grands noms du conseil ; c\u2019est \u00e9galement souscrire \u00e0 un <b>positionnement alternatif et engag\u00e9<\/b>.<\/span><\/p><p><span style=\"color: #000000;\">Nos \u00e9quipes sont rassembl\u00e9es autour des valeurs de sp\u00e9cialisation, d\u2019innovation, d\u2019ind\u00e9pendance, d\u2019esprit entrepreneurial et d\u2019agilit\u00e9.<\/span><\/p><\/div><\/div><\/div><\/div><\/div><\/section>\t\t\t\t\t\t<\/div>\n\t\t\t\t<\/div>\n\t\t\t\t\t<\/div>\r\n\t\t\t\t<\/div>\r\n\t\t\t\t\t\t<\/div>\r\n\t\t\t\t<\/section>\r\n\t\t\t\t<section class=\"elementor-section elementor-top-section elementor-element elementor-element-d1b4151 elementor-section-boxed elementor-section-height-default elementor-section-height-default\" data-id=\"d1b4151\" data-element_type=\"section\">\r\n\t\t\t\r\n\t\t\t\t\t\t\t\t\t<div class=\"elementor-container elementor-column-gap-default\">\r\n\t\t\t\t\t\t\t\t\t\t\t<div class=\"elementor-column elementor-col-33 elementor-top-column elementor-element elementor-element-d936a1a\" data-id=\"d936a1a\" data-element_type=\"column\">\r\n\r\n\t\t\t\t\t<div class=\"elementor-widget-wrap elementor-element-populated\">\r\n\t\t\t\t\t\t\t\t<div class=\"elementor-element elementor-element-fa4005b elementor-view-default elementor-widget elementor-widget-icon\" data-id=\"fa4005b\" data-element_type=\"widget\" data-widget_type=\"icon.default\">\n\t\t\t\t<div class=\"elementor-widget-container\">\n\t\t\t\t\t<div class=\"elementor-icon-wrapper\">\n\t\t\t<div class=\"elementor-icon\">\n\t\t\t<i aria-hidden=\"true\" class=\"far fa-handshake\"><\/i>\t\t\t<\/div>\n\t\t<\/div>\n\t\t\t\t<\/div>\n\t\t\t\t<\/div>\n\t\t\t\t<div class=\"elementor-element elementor-element-a254db9 elementor-widget elementor-widget-heading\" data-id=\"a254db9\" data-element_type=\"widget\" data-widget_type=\"heading.default\">\n\t\t\t\t<div class=\"elementor-widget-container\">\n\t\t\t<style>\/*! elementor - v3.6.1 - 23-03-2022 *\/\n.elementor-heading-title{padding:0;margin:0;line-height:1}.elementor-widget-heading .elementor-heading-title[class*=elementor-size-]>a{color:inherit;font-size:inherit;line-height:inherit}.elementor-widget-heading .elementor-heading-title.elementor-size-small{font-size:15px}.elementor-widget-heading .elementor-heading-title.elementor-size-medium{font-size:19px}.elementor-widget-heading .elementor-heading-title.elementor-size-large{font-size:29px}.elementor-widget-heading .elementor-heading-title.elementor-size-xl{font-size:39px}.elementor-widget-heading .elementor-heading-title.elementor-size-xxl{font-size:59px}<\/style><h2 class=\"elementor-heading-title elementor-size-default\">Logique partenariale :\nle conseil A2<\/h2>\t\t<\/div>\n\t\t\t\t<\/div>\n\t\t\t\t<div class=\"elementor-element elementor-element-af6d3d0 elementor-widget elementor-widget-text-editor\" data-id=\"af6d3d0\" data-element_type=\"widget\" data-widget_type=\"text-editor.default\">\n\t\t\t\t<div class=\"elementor-widget-container\">\n\t\t\t\t\t\t\t<div class=\"elementor-element elementor-element-02334a5 elementor-widget elementor-widget-text-editor\" data-id=\"02334a5\" data-element_type=\"widget\" data-widget_type=\"text-editor.default\"><div class=\"elementor-widget-container\"><p><span style=\"color: #000000;\">Notre vision du conseil est avant tout bas\u00e9e sur un <strong>engagement<\/strong> aupr\u00e8s des structures que nous accompagnons.<\/span><\/p><p><span style=\"color: #000000;\">Nous coconstruisons nos missions de conseil, entre nos \u00e9quipes et celles de notre client. L\u2019<b>encadrement technique et manag\u00e9rial<\/b> des missions se fait par un associ\u00e9, expert du sujet.<\/span><\/p><\/div><\/div>\t\t\t\t\t\t<\/div>\n\t\t\t\t<\/div>\n\t\t\t\t\t<\/div>\r\n\t\t\t\t<\/div>\r\n\t\t\t\t<div class=\"elementor-column elementor-col-33 elementor-top-column elementor-element elementor-element-99704b2\" data-id=\"99704b2\" data-element_type=\"column\">\r\n\r\n\t\t\t\t\t<div class=\"elementor-widget-wrap elementor-element-populated\">\r\n\t\t\t\t\t\t\t\t<div class=\"elementor-element elementor-element-285df0e elementor-view-default elementor-widget elementor-widget-icon\" data-id=\"285df0e\" data-element_type=\"widget\" data-widget_type=\"icon.default\">\n\t\t\t\t<div class=\"elementor-widget-container\">\n\t\t\t\t\t<div class=\"elementor-icon-wrapper\">\n\t\t\t<div class=\"elementor-icon\">\n\t\t\t<i aria-hidden=\"true\" class=\"fas fa-puzzle-piece\"><\/i>\t\t\t<\/div>\n\t\t<\/div>\n\t\t\t\t<\/div>\n\t\t\t\t<\/div>\n\t\t\t\t<div class=\"elementor-element elementor-element-c2512d7 elementor-widget elementor-widget-heading\" data-id=\"c2512d7\" data-element_type=\"widget\" data-widget_type=\"heading.default\">\n\t\t\t\t<div class=\"elementor-widget-container\">\n\t\t\t<h2 class=\"elementor-heading-title elementor-size-default\">Qualit\u00e9 et ad\u00e9quation des ressources<\/h2>\t\t<\/div>\n\t\t\t\t<\/div>\n\t\t\t\t<div class=\"elementor-element elementor-element-d66f193 elementor-widget elementor-widget-text-editor\" data-id=\"d66f193\" data-element_type=\"widget\" data-widget_type=\"text-editor.default\">\n\t\t\t\t<div class=\"elementor-widget-container\">\n\t\t\t\t\t\t\t<div class=\"elementor-element elementor-element-02334a5 elementor-widget elementor-widget-text-editor\" data-id=\"02334a5\" data-element_type=\"widget\" data-widget_type=\"text-editor.default\"><div class=\"elementor-widget-container\"><div class=\"elementor-element elementor-element-84e390b elementor-widget elementor-widget-text-editor\" data-id=\"84e390b\" data-element_type=\"widget\" data-widget_type=\"text-editor.default\"><div class=\"elementor-widget-container\"><p><span style=\"color: #000000;\">Pour r\u00e9pondre au mieux aux <b>enjeux<\/b> de nos clients, nous assurons la vari\u00e9t\u00e9 des profils de nos collaborateurs et leur mont\u00e9e en comp\u00e9tences tout au long de leur carri\u00e8re. Les <b>formations et certifications<\/b> de nos consultants sont un investissement prioritaire.<\/span><\/p><p><span style=\"color: #000000;\">Nous renfor\u00e7ons nos \u00e9quipes internes par un <b>r\u00e9seau d\u2019experts<\/b> qui peuvent venir compl\u00e9ter les dispositifs.<\/span><\/p><\/div><\/div><\/div><\/div>\t\t\t\t\t\t<\/div>\n\t\t\t\t<\/div>\n\t\t\t\t\t<\/div>\r\n\t\t\t\t<\/div>\r\n\t\t\t\t<div class=\"elementor-column elementor-col-33 elementor-top-column elementor-element elementor-element-11dc84a\" data-id=\"11dc84a\" data-element_type=\"column\">\r\n\r\n\t\t\t\t\t<div class=\"elementor-widget-wrap elementor-element-populated\">\r\n\t\t\t\t\t\t\t\t<div class=\"elementor-element elementor-element-1abae14 elementor-view-default elementor-widget elementor-widget-icon\" data-id=\"1abae14\" data-element_type=\"widget\" data-widget_type=\"icon.default\">\n\t\t\t\t<div class=\"elementor-widget-container\">\n\t\t\t\t\t<div class=\"elementor-icon-wrapper\">\n\t\t\t<div class=\"elementor-icon\">\n\t\t\t<i aria-hidden=\"true\" class=\"far fa-lightbulb\"><\/i>\t\t\t<\/div>\n\t\t<\/div>\n\t\t\t\t<\/div>\n\t\t\t\t<\/div>\n\t\t\t\t<div class=\"elementor-element elementor-element-0ff321c elementor-widget elementor-widget-heading\" data-id=\"0ff321c\" data-element_type=\"widget\" data-widget_type=\"heading.default\">\n\t\t\t\t<div class=\"elementor-widget-container\">\n\t\t\t<h2 class=\"elementor-heading-title elementor-size-default\">Approche diff\u00e9renci\u00e9e du conseil<\/h2>\t\t<\/div>\n\t\t\t\t<\/div>\n\t\t\t\t<div class=\"elementor-element elementor-element-0f859dc elementor-widget elementor-widget-text-editor\" data-id=\"0f859dc\" data-element_type=\"widget\" data-widget_type=\"text-editor.default\">\n\t\t\t\t<div class=\"elementor-widget-container\">\n\t\t\t\t\t\t\t<div class=\"elementor-element elementor-element-02334a5 elementor-widget elementor-widget-text-editor\" data-id=\"02334a5\" data-element_type=\"widget\" data-widget_type=\"text-editor.default\"><div class=\"elementor-widget-container\"><p><span style=\"color: #000000;\">Nos valeurs de <strong>transparence<\/strong>, <strong>d\u2019ind\u00e9pendance<\/strong> et de <strong>qualit\u00e9 de service <\/strong>sont au c\u0153ur de nos travaux. Le client re\u00e7oit des recommandations objectives qui servent ses seuls int\u00e9r\u00eats. Notre <b>faible taux de turnover<\/b> garantit la stabilit\u00e9 des \u00e9quipes et la continuit\u00e9 des interventions. Nous respectons strictement les proc\u00e9dures internes, le cadre contractuel, l\u00e9gal et \u00e9thique.<\/span><\/p><\/div><\/div>\t\t\t\t\t\t<\/div>\n\t\t\t\t<\/div>\n\t\t\t\t\t<\/div>\r\n\t\t\t\t<\/div>\r\n\t\t\t\t\t\t<\/div>\r\n\t\t\t\t<\/section>\r\n\t\t\t\t<section class=\"elementor-section elementor-top-section elementor-element elementor-element-3ad3e33 elementor-section-stretched elementor-section-boxed elementor-section-height-default elementor-section-height-default\" data-id=\"3ad3e33\" data-element_type=\"section\" data-settings=\"{&quot;stretch_section&quot;:&quot;section-stretched&quot;,&quot;background_background&quot;:&quot;classic&quot;}\">\r\n\t\t\t\r\n\t\t\t\t\t\t\t\t\t<div class=\"elementor-container elementor-column-gap-default\">\r\n\t\t\t\t\t\t\t\t\t\t\t<div class=\"elementor-column elementor-col-33 elementor-top-column elementor-element elementor-element-6092832\" data-id=\"6092832\" data-element_type=\"column\">\r\n\r\n\t\t\t\t\t<div class=\"elementor-widget-wrap\">\r\n\t\t\t\t\t\t\t\t\t<\/div>\r\n\t\t\t\t<\/div>\r\n\t\t\t\t<div class=\"elementor-column elementor-col-33 elementor-top-column elementor-element elementor-element-9ae09b5\" data-id=\"9ae09b5\" data-element_type=\"column\">\r\n\r\n\t\t\t\t\t<div class=\"elementor-widget-wrap\">\r\n\t\t\t\t\t\t\t\t\t<\/div>\r\n\t\t\t\t<\/div>\r\n\t\t\t\t<div class=\"elementor-column elementor-col-33 elementor-top-column elementor-element elementor-element-5267e41\" data-id=\"5267e41\" data-element_type=\"column\">\r\n\r\n\t\t\t\t\t<div class=\"elementor-widget-wrap\">\r\n\t\t\t\t\t\t\t\t\t<\/div>\r\n\t\t\t\t<\/div>\r\n\t\t\t\t\t\t<\/div>\r\n\t\t\t\t<\/section>\r\n\t\t\t\t<section class=\"elementor-section elementor-top-section elementor-element elementor-element-b6ae20e elementor-section-stretched elementor-section-boxed elementor-section-height-default elementor-section-height-default\" data-id=\"b6ae20e\" data-element_type=\"section\" data-settings=\"{&quot;stretch_section&quot;:&quot;section-stretched&quot;,&quot;background_background&quot;:&quot;classic&quot;}\">\r\n\t\t\t\r\n\t\t\t\t\t\t\t\t\t<div class=\"elementor-container elementor-column-gap-default\">\r\n\t\t\t\t\t\t\t\t\t\t\t<div class=\"elementor-column elementor-col-50 elementor-top-column elementor-element elementor-element-ebcc7c5\" data-id=\"ebcc7c5\" data-element_type=\"column\">\r\n\r\n\t\t\t\t\t<div class=\"elementor-widget-wrap\">\r\n\t\t\t\t\t\t\t\t\t<\/div>\r\n\t\t\t\t<\/div>\r\n\t\t\t\t<div class=\"elementor-column elementor-col-50 elementor-top-column elementor-element elementor-element-4f881da\" data-id=\"4f881da\" data-element_type=\"column\">\r\n\r\n\t\t\t\t\t<div class=\"elementor-widget-wrap\">\r\n\t\t\t\t\t\t\t\t\t<\/div>\r\n\t\t\t\t<\/div>\r\n\t\t\t\t\t\t<\/div>\r\n\t\t\t\t<\/section>\r\n\t\t\t\t\t\t\t<\/div>\n\t\t","protected":false},"excerpt":{"rendered":"<p>Qui sommes nous A2 Consulting est un cabinet de conseil ind\u00e9pendant, port\u00e9 par d\u2019importants engagements de responsabilit\u00e9 sociale et soci\u00e9tale. Choisir A2 Consulting, c\u2019est se fier \u00e0 une culture de la qualit\u00e9 h\u00e9rit\u00e9e des grands noms du conseil ; c\u2019est \u00e9galement souscrire \u00e0 un positionnement alternatif et engag\u00e9. Nos \u00e9quipes sont rassembl\u00e9es autour des valeurs [&hellip;]<\/p>\n","protected":false},"author":1,"featured_media":0,"parent":0,"menu_order":0,"comment_status":"closed","ping_status":"closed","template":"","meta":{"footnotes":""},"class_list":["post-2047","page","type-page","status-publish","hentry"],"yoast_head":"<!-- This site is optimized with the Yoast SEO plugin v18.4.1 - https:\/\/yoast.com\/wordpress\/plugins\/seo\/ -->\n<title>About us - Nova-consulting.fr<\/title>\n<meta name=\"robots\" content=\"noindex, follow, max-snippet:-1, max-image-preview:large, max-video-preview:-1\" \/>\n<meta property=\"og:locale\" content=\"sl_SI\" \/>\n<meta property=\"og:type\" content=\"article\" \/>\n<meta property=\"og:title\" content=\"About us - Nova-consulting.fr\" \/>\n<meta property=\"og:description\" content=\"Qui sommes nous A2 Consulting est un cabinet de conseil ind\u00e9pendant, port\u00e9 par d\u2019importants engagements de responsabilit\u00e9 sociale et soci\u00e9tale. Choisir A2 Consulting, c\u2019est se fier \u00e0 une culture de la qualit\u00e9 h\u00e9rit\u00e9e des grands noms du conseil ; c\u2019est \u00e9galement souscrire \u00e0 un positionnement alternatif et engag\u00e9. Nos \u00e9quipes sont rassembl\u00e9es autour des valeurs [&hellip;]\" \/>\n<meta property=\"og:url\" content=\"https:\/\/www.nova-consulting.fr\/en\/about-us\/\" \/>\n<meta property=\"og:site_name\" content=\"Nova-consulting.fr\" \/>\n<meta property=\"article:modified_time\" content=\"2022-03-30T09:14:52+00:00\" \/>\n<meta name=\"twitter:card\" content=\"summary_large_image\" \/>\n<meta name=\"twitter:label1\" content=\"Est. reading time\" \/>\n\t<meta name=\"twitter:data1\" content=\"3 minute\" \/>\n<script type=\"application\/ld+json\" class=\"yoast-schema-graph\">{\"@context\":\"https:\/\/schema.org\",\"@graph\":[{\"@type\":\"WebSite\",\"@id\":\"https:\/\/www.nova-consulting.fr\/en\/#website\",\"url\":\"https:\/\/www.nova-consulting.fr\/en\/\",\"name\":\"Nova-consulting.fr\",\"description\":\"\",\"potentialAction\":[{\"@type\":\"SearchAction\",\"target\":{\"@type\":\"EntryPoint\",\"urlTemplate\":\"https:\/\/www.nova-consulting.fr\/en\/?s={search_term_string}\"},\"query-input\":\"required name=search_term_string\"}],\"inLanguage\":\"sl-SI\"},{\"@type\":\"WebPage\",\"@id\":\"https:\/\/www.nova-consulting.fr\/en\/about-us\/#webpage\",\"url\":\"https:\/\/www.nova-consulting.fr\/en\/about-us\/\",\"name\":\"About us - Nova-consulting.fr\",\"isPartOf\":{\"@id\":\"https:\/\/www.nova-consulting.fr\/en\/#website\"},\"datePublished\":\"2022-02-02T12:55:10+00:00\",\"dateModified\":\"2022-03-30T09:14:52+00:00\",\"breadcrumb\":{\"@id\":\"https:\/\/www.nova-consulting.fr\/en\/about-us\/#breadcrumb\"},\"inLanguage\":\"sl-SI\",\"potentialAction\":[{\"@type\":\"ReadAction\",\"target\":[\"https:\/\/www.nova-consulting.fr\/en\/about-us\/\"]}]},{\"@type\":\"BreadcrumbList\",\"@id\":\"https:\/\/www.nova-consulting.fr\/en\/about-us\/#breadcrumb\",\"itemListElement\":[{\"@type\":\"ListItem\",\"position\":1,\"name\":\"Home\",\"item\":\"https:\/\/www.nova-consulting.fr\/en\/\"},{\"@type\":\"ListItem\",\"position\":2,\"name\":\"About us\"}]}]}<\/script>\n<!-- \/ Yoast SEO plugin. -->","yoast_head_json":{"title":"About us - Nova-consulting.fr","robots":{"index":"noindex","follow":"follow","max-snippet":"max-snippet:-1","max-image-preview":"max-image-preview:large","max-video-preview":"max-video-preview:-1"},"og_locale":"sl_SI","og_type":"article","og_title":"About us - Nova-consulting.fr","og_description":"Qui sommes nous A2 Consulting est un cabinet de conseil ind\u00e9pendant, port\u00e9 par d\u2019importants engagements de responsabilit\u00e9 sociale et soci\u00e9tale. Choisir A2 Consulting, c\u2019est se fier \u00e0 une culture de la qualit\u00e9 h\u00e9rit\u00e9e des grands noms du conseil ; c\u2019est \u00e9galement souscrire \u00e0 un positionnement alternatif et engag\u00e9. Nos \u00e9quipes sont rassembl\u00e9es autour des valeurs [&hellip;]","og_url":"https:\/\/www.nova-consulting.fr\/en\/about-us\/","og_site_name":"Nova-consulting.fr","article_modified_time":"2022-03-30T09:14:52+00:00","twitter_card":"summary_large_image","twitter_misc":{"Est. reading time":"3 minute"},"schema":{"@context":"https:\/\/schema.org","@graph":[{"@type":"WebSite","@id":"https:\/\/www.nova-consulting.fr\/en\/#website","url":"https:\/\/www.nova-consulting.fr\/en\/","name":"Nova-consulting.fr","description":"","potentialAction":[{"@type":"SearchAction","target":{"@type":"EntryPoint","urlTemplate":"https:\/\/www.nova-consulting.fr\/en\/?s={search_term_string}"},"query-input":"required name=search_term_string"}],"inLanguage":"sl-SI"},{"@type":"WebPage","@id":"https:\/\/www.nova-consulting.fr\/en\/about-us\/#webpage","url":"https:\/\/www.nova-consulting.fr\/en\/about-us\/","name":"About us - Nova-consulting.fr","isPartOf":{"@id":"https:\/\/www.nova-consulting.fr\/en\/#website"},"datePublished":"2022-02-02T12:55:10+00:00","dateModified":"2022-03-30T09:14:52+00:00","breadcrumb":{"@id":"https:\/\/www.nova-consulting.fr\/en\/about-us\/#breadcrumb"},"inLanguage":"sl-SI","potentialAction":[{"@type":"ReadAction","target":["https:\/\/www.nova-consulting.fr\/en\/about-us\/"]}]},{"@type":"BreadcrumbList","@id":"https:\/\/www.nova-consulting.fr\/en\/about-us\/#breadcrumb","itemListElement":[{"@type":"ListItem","position":1,"name":"Home","item":"https:\/\/www.nova-consulting.fr\/en\/"},{"@type":"ListItem","position":2,"name":"About us"}]}]}},"_links":{"self":[{"href":"https:\/\/www.nova-consulting.fr\/en\/wp-json\/wp\/v2\/pages\/2047","targetHints":{"allow":["GET"]}}],"collection":[{"href":"https:\/\/www.nova-consulting.fr\/en\/wp-json\/wp\/v2\/pages"}],"about":[{"href":"https:\/\/www.nova-consulting.fr\/en\/wp-json\/wp\/v2\/types\/page"}],"author":[{"embeddable":true,"href":"https:\/\/www.nova-consulting.fr\/en\/wp-json\/wp\/v2\/users\/1"}],"replies":[{"embeddable":true,"href":"https:\/\/www.nova-consulting.fr\/en\/wp-json\/wp\/v2\/comments?post=2047"}],"version-history":[{"count":35,"href":"https:\/\/www.nova-consulting.fr\/en\/wp-json\/wp\/v2\/pages\/2047\/revisions"}],"predecessor-version":[{"id":2625,"href":"https:\/\/www.nova-consulting.fr\/en\/wp-json\/wp\/v2\/pages\/2047\/revisions\/2625"}],"wp:attachment":[{"href":"https:\/\/www.nova-consulting.fr\/en\/wp-json\/wp\/v2\/media?parent=2047"}],"curies":[{"name":"wp","href":"https:\/\/api.w.org\/{rel}","templated":true}]}}