{"id":97,"date":"2017-03-03T21:21:26","date_gmt":"2017-03-03T21:21:26","guid":{"rendered":"http:\/\/sw-themes.com\/porto_dummy\/?page_id=97"},"modified":"2022-03-15T13:04:14","modified_gmt":"2022-03-15T12:04:14","slug":"contact-us","status":"publish","type":"page","link":"https:\/\/www.nova-consulting.fr\/en\/contact-us\/","title":{"rendered":"Contact us"},"content":{"rendered":"\t\t<div data-elementor-type=\"wp-page\" data-elementor-id=\"97\" class=\"elementor elementor-97\">\n\t\t\t\t\t\t\t\t\t<div class=\"elementor-section elementor-top-section elementor-element elementor-element-244bcdc elementor-section-content-middle elementor-section-boxed elementor-section-height-default elementor-section-height-default\" data-id=\"244bcdc\" data-element_type=\"section\" data-settings=\"{&quot;background_background&quot;:&quot;classic&quot;}\">\r\n\t\t\t\r\n\t\t\t\t\t\t\t\t\t<div class=\"elementor-container elementor-column-gap-default\">\r\n\t\t\t\t\t\t\t\t\t\t\t<div class=\"elementor-column elementor-col-100 elementor-top-column elementor-element elementor-element-b4cdcd3\" data-id=\"b4cdcd3\" data-element_type=\"column\">\r\n\r\n\t\t\t\t\t<div class=\"elementor-widget-wrap elementor-element-populated\">\r\n\t\t\t\t\t\t\t\t<div class=\"elementor-element elementor-element-1907057 mb-5 elementor-widget elementor-widget-heading\" data-id=\"1907057\" data-element_type=\"widget\" data-widget_type=\"heading.default\">\n\t\t\t\t<div class=\"elementor-widget-container\">\n\t\t\t<style>\/*! elementor - v3.6.1 - 23-03-2022 *\/\n.elementor-heading-title{padding:0;margin:0;line-height:1}.elementor-widget-heading .elementor-heading-title[class*=elementor-size-]>a{color:inherit;font-size:inherit;line-height:inherit}.elementor-widget-heading .elementor-heading-title.elementor-size-small{font-size:15px}.elementor-widget-heading .elementor-heading-title.elementor-size-medium{font-size:19px}.elementor-widget-heading .elementor-heading-title.elementor-size-large{font-size:29px}.elementor-widget-heading .elementor-heading-title.elementor-size-xl{font-size:39px}.elementor-widget-heading .elementor-heading-title.elementor-size-xxl{font-size:59px}<\/style><h2 class=\"elementor-heading-title elementor-size-default\">En quoi pouvons-nous vous aider ?<\/h2>\t\t<\/div>\n\t\t\t\t<\/div>\n\t\t\t\t<div class=\"elementor-element elementor-element-e9ce005 elementor-widget elementor-widget-text-editor\" data-id=\"e9ce005\" data-element_type=\"widget\" data-widget_type=\"text-editor.default\">\n\t\t\t\t<div class=\"elementor-widget-container\">\n\t\t\t<style>\/*! elementor - v3.6.1 - 23-03-2022 *\/\n.elementor-widget-text-editor.elementor-drop-cap-view-stacked .elementor-drop-cap{background-color:#818a91;color:#fff}.elementor-widget-text-editor.elementor-drop-cap-view-framed .elementor-drop-cap{color:#818a91;border:3px solid;background-color:transparent}.elementor-widget-text-editor:not(.elementor-drop-cap-view-default) .elementor-drop-cap{margin-top:8px}.elementor-widget-text-editor:not(.elementor-drop-cap-view-default) .elementor-drop-cap-letter{width:1em;height:1em}.elementor-widget-text-editor .elementor-drop-cap{float:left;text-align:center;line-height:1;font-size:50px}.elementor-widget-text-editor .elementor-drop-cap-letter{display:inline-block}<\/style>\t\t\t\t<p style=\"text-align: center;\"><span style=\"color: #ffffff;\">Vous voulez en savoir plus sur nos services, ou bien vous souhaitez nous confier la gestion d\u2019un projet ? N\u2019h\u00e9site pas \u00e0 contacter notre \u00e9quipe qui reviendra vers vous rapidement.<\/span><\/p>\t\t\t\t\t\t<\/div>\n\t\t\t\t<\/div>\n\t\t\t\t\t<\/div>\r\n\t\t\t\t<\/div>\r\n\t\t\t\t\t\t<\/div>\r\n\t\t\t\t<\/div>\r\n\t\t\t\t<section class=\"elementor-section elementor-top-section elementor-element elementor-element-c53e7b8 elementor-section-boxed elementor-section-height-default elementor-section-height-default\" data-id=\"c53e7b8\" data-element_type=\"section\">\r\n\t\t\t\r\n\t\t\t\t\t\t\t\t\t<div class=\"elementor-container elementor-column-gap-default\">\r\n\t\t\t\t\t\t\t\t\t\t\t<div class=\"elementor-column elementor-col-100 elementor-top-column elementor-element elementor-element-dda1c9f\" data-id=\"dda1c9f\" data-element_type=\"column\">\r\n\r\n\t\t\t\t\t<div class=\"elementor-widget-wrap elementor-element-populated\">\r\n\t\t\t\t\t\t\t\t<div class=\"elementor-element elementor-element-b99a44e elementor-widget elementor-widget-text-editor\" data-id=\"b99a44e\" data-element_type=\"widget\" data-widget_type=\"text-editor.default\">\n\t\t\t\t<div class=\"elementor-widget-container\">\n\t\t\t\t\t\t\t<p style=\"text-align: center;\"><span style=\"font-size: 34px;\"><span style=\"color: #000000;\"><i class=\"fa fa-phone\" style=\"font-size: 48px; color: red;\"><\/i> PARLONS ENSEMBLE DE <strong><span style=\"color: #57bbbf;\">VOTRE PROJET<\/span><\/strong><\/span><\/span><\/p>\n<p class=\"fon\" style=\"text-align: center;\"><span style=\"font-size: 28px; color: #000000;\"> <i class=\"fas fa-arrow-right\"><\/i> <span style=\"text-decoration: underline;\"><a style=\"color: #000000; text-decoration: underline;\" href=\"tel:+33675458454\">06 75 45 84 54<\/a><\/span><\/span><\/p>\t\t\t\t\t\t<\/div>\n\t\t\t\t<\/div>\n\t\t\t\t\t<\/div>\r\n\t\t\t\t<\/div>\r\n\t\t\t\t\t\t<\/div>\r\n\t\t\t\t<\/section>\r\n\t\t\t\t<section class=\"elementor-section elementor-top-section elementor-element elementor-element-a8b3ace elementor-section-boxed elementor-section-height-default elementor-section-height-default\" data-id=\"a8b3ace\" data-element_type=\"section\">\r\n\t\t\t\r\n\t\t\t\t\t\t\t\t\t<div class=\"elementor-container elementor-column-gap-default\">\r\n\t\t\t\t\t\t\t\t\t\t\t<div class=\"elementor-column elementor-col-25 elementor-top-column elementor-element elementor-element-a2c44f5\" data-id=\"a2c44f5\" data-element_type=\"column\">\r\n\r\n\t\t\t\t\t<div class=\"elementor-widget-wrap\">\r\n\t\t\t\t\t\t\t\t\t<\/div>\r\n\t\t\t\t<\/div>\r\n\t\t\t\t<div class=\"elementor-column elementor-col-50 elementor-top-column elementor-element elementor-element-5d74bca\" data-id=\"5d74bca\" data-element_type=\"column\" data-settings=\"{&quot;background_background&quot;:&quot;classic&quot;}\">\r\n\r\n\t\t\t\t\t<div class=\"elementor-widget-wrap elementor-element-populated\">\r\n\t\t\t\t\t\t\t\t<div class=\"elementor-element elementor-element-78baf61 elementor-widget elementor-widget-shortcode\" data-id=\"78baf61\" data-element_type=\"widget\" data-widget_type=\"shortcode.default\">\n\t\t\t\t<div class=\"elementor-widget-container\">\n\t\t\t\t\t<div class=\"elementor-shortcode\"><div role=\"form\" class=\"wpcf7\" id=\"wpcf7-f768-o1\" lang=\"en-US\" dir=\"ltr\">\n<div class=\"screen-reader-response\"><p role=\"status\" aria-live=\"polite\" aria-atomic=\"true\"><\/p> <ul><\/ul><\/div>\n<form action=\"\/en\/wp-json\/wp\/v2\/pages\/97#wpcf7-f768-o1\" method=\"post\" class=\"wpcf7-form init\" novalidate=\"novalidate\" data-status=\"init\">\n<div style=\"display: none;\">\n<input type=\"hidden\" name=\"_wpcf7\" value=\"768\" \/>\n<input type=\"hidden\" name=\"_wpcf7_version\" value=\"5.5.6\" \/>\n<input type=\"hidden\" name=\"_wpcf7_locale\" value=\"en_US\" \/>\n<input type=\"hidden\" name=\"_wpcf7_unit_tag\" value=\"wpcf7-f768-o1\" \/>\n<input type=\"hidden\" name=\"_wpcf7_container_post\" value=\"0\" \/>\n<input type=\"hidden\" name=\"_wpcf7_posted_data_hash\" value=\"\" \/>\n<\/div>\n<div class=\"kont-obr1\">\n<h2>CONTACT US<\/h2>\n<p>Interested in our solution?<\/br><br \/>\nLeave us your contact details, we will contact you as soon as possible!<\/p>\n<div class=\"mb-2\">\n    <span class=\"wpcf7-form-control-wrap text-520\"><input type=\"text\" name=\"text-520\" value=\"\" size=\"40\" class=\"wpcf7-form-control wpcf7-text wpcf7-validates-as-required form-control font-weight-semibold px-1 py-3\" aria-required=\"true\" aria-invalid=\"false\" placeholder=\"Name and surename *\" \/><\/span>\n<\/div>\n<div class=\"mb-3\">\n    <span class=\"wpcf7-form-control-wrap email-863\"><input type=\"email\" name=\"email-863\" value=\"\" size=\"40\" class=\"wpcf7-form-control wpcf7-text wpcf7-email wpcf7-validates-as-required wpcf7-validates-as-email form-control font-weight-semibold px-1 py-3\" aria-required=\"true\" aria-invalid=\"false\" placeholder=\"Email *\" \/><\/span>\n<\/div>\n<div class=\"mb-2\">\n    <span class=\"wpcf7-form-control-wrap text-phone\"><input type=\"text\" name=\"text-phone\" value=\"\" size=\"40\" class=\"wpcf7-form-control wpcf7-text wpcf7-validates-as-required form-control font-weight-semibold px-1 py-3\" aria-required=\"true\" aria-invalid=\"false\" placeholder=\"Phone *\" \/><\/span>\n<\/div>\n<div class=\"mb-2\">\n    <span class=\"wpcf7-form-control-wrap text-soci\"><input type=\"text\" name=\"text-soci\" value=\"\" size=\"40\" class=\"wpcf7-form-control wpcf7-text wpcf7-validates-as-required form-control font-weight-semibold px-1 py-3\" aria-required=\"true\" aria-invalid=\"false\" placeholder=\"Company *\" \/><\/span>\n<\/div>\n<div class=\"mb-4\">\n    <span class=\"wpcf7-form-control-wrap textarea-469\"><textarea name=\"textarea-469\" cols=\"40\" rows=\"3\" class=\"wpcf7-form-control wpcf7-textarea wpcf7-validates-as-required form-control font-weight-semibold px-1 py-3\" aria-required=\"true\" aria-invalid=\"false\" placeholder=\"Your message *\"><\/textarea><\/span>\n<\/div>\n<div class=\"mb-0\">\n    <input type=\"submit\" value=\"Send\" class=\"wpcf7-form-control has-spinner wpcf7-submit custom-btn-light btn btn-light font-weight-bold\" \/>\n<\/div>\n<\/div>\n<div class=\"wpcf7-response-output\" aria-hidden=\"true\"><\/div><\/form><\/div><\/div>\n\t\t\t\t<\/div>\n\t\t\t\t<\/div>\n\t\t\t\t\t<\/div>\r\n\t\t\t\t<\/div>\r\n\t\t\t\t<div class=\"elementor-column elementor-col-25 elementor-top-column elementor-element elementor-element-efb5642\" data-id=\"efb5642\" data-element_type=\"column\">\r\n\r\n\t\t\t\t\t<div class=\"elementor-widget-wrap\">\r\n\t\t\t\t\t\t\t\t\t<\/div>\r\n\t\t\t\t<\/div>\r\n\t\t\t\t\t\t<\/div>\r\n\t\t\t\t<\/section>\r\n\t\t\t\t\t\t\t<\/div>\n\t\t","protected":false},"excerpt":{"rendered":"<p>En quoi pouvons-nous vous aider ? Vous voulez en savoir plus sur nos services, ou bien vous souhaitez nous confier la gestion d\u2019un projet ? N\u2019h\u00e9site pas \u00e0 contacter notre \u00e9quipe qui reviendra vers vous rapidement. PARLONS ENSEMBLE DE VOTRE PROJET 06 75 45 84 54<\/p>\n","protected":false},"author":1,"featured_media":0,"parent":0,"menu_order":0,"comment_status":"closed","ping_status":"closed","template":"","meta":{"footnotes":""},"class_list":["post-97","page","type-page","status-publish","hentry"],"yoast_head":"<!-- This site is optimized with the Yoast SEO plugin v18.4.1 - https:\/\/yoast.com\/wordpress\/plugins\/seo\/ -->\n<title>Contact us - Nova-consulting.fr<\/title>\n<meta name=\"robots\" content=\"noindex, follow, max-snippet:-1, max-image-preview:large, max-video-preview:-1\" \/>\n<meta property=\"og:locale\" content=\"sl_SI\" \/>\n<meta property=\"og:type\" content=\"article\" \/>\n<meta property=\"og:title\" content=\"Contact us - Nova-consulting.fr\" \/>\n<meta property=\"og:description\" content=\"En quoi pouvons-nous vous aider ? Vous voulez en savoir plus sur nos services, ou bien vous souhaitez nous confier la gestion d\u2019un projet ? N\u2019h\u00e9site pas \u00e0 contacter notre \u00e9quipe qui reviendra vers vous rapidement. PARLONS ENSEMBLE DE VOTRE PROJET 06 75 45 84 54\" \/>\n<meta property=\"og:url\" content=\"https:\/\/www.nova-consulting.fr\/en\/contact-us\/\" \/>\n<meta property=\"og:site_name\" content=\"Nova-consulting.fr\" \/>\n<meta property=\"article:modified_time\" content=\"2022-03-15T12:04:14+00:00\" \/>\n<meta name=\"twitter:card\" content=\"summary_large_image\" \/>\n<meta name=\"twitter:label1\" content=\"Est. reading time\" \/>\n\t<meta name=\"twitter:data1\" content=\"1 minuta\" \/>\n<script type=\"application\/ld+json\" class=\"yoast-schema-graph\">{\"@context\":\"https:\/\/schema.org\",\"@graph\":[{\"@type\":\"WebSite\",\"@id\":\"https:\/\/www.nova-consulting.fr\/en\/#website\",\"url\":\"https:\/\/www.nova-consulting.fr\/en\/\",\"name\":\"Nova-consulting.fr\",\"description\":\"\",\"potentialAction\":[{\"@type\":\"SearchAction\",\"target\":{\"@type\":\"EntryPoint\",\"urlTemplate\":\"https:\/\/www.nova-consulting.fr\/en\/?s={search_term_string}\"},\"query-input\":\"required name=search_term_string\"}],\"inLanguage\":\"sl-SI\"},{\"@type\":\"WebPage\",\"@id\":\"https:\/\/www.nova-consulting.fr\/en\/contact-us\/#webpage\",\"url\":\"https:\/\/www.nova-consulting.fr\/en\/contact-us\/\",\"name\":\"Contact us - Nova-consulting.fr\",\"isPartOf\":{\"@id\":\"https:\/\/www.nova-consulting.fr\/en\/#website\"},\"datePublished\":\"2017-03-03T21:21:26+00:00\",\"dateModified\":\"2022-03-15T12:04:14+00:00\",\"breadcrumb\":{\"@id\":\"https:\/\/www.nova-consulting.fr\/en\/contact-us\/#breadcrumb\"},\"inLanguage\":\"sl-SI\",\"potentialAction\":[{\"@type\":\"ReadAction\",\"target\":[\"https:\/\/www.nova-consulting.fr\/en\/contact-us\/\"]}]},{\"@type\":\"BreadcrumbList\",\"@id\":\"https:\/\/www.nova-consulting.fr\/en\/contact-us\/#breadcrumb\",\"itemListElement\":[{\"@type\":\"ListItem\",\"position\":1,\"name\":\"Home\",\"item\":\"https:\/\/www.nova-consulting.fr\/en\/\"},{\"@type\":\"ListItem\",\"position\":2,\"name\":\"Contact us\"}]}]}<\/script>\n<!-- \/ Yoast SEO plugin. -->","yoast_head_json":{"title":"Contact us - Nova-consulting.fr","robots":{"index":"noindex","follow":"follow","max-snippet":"max-snippet:-1","max-image-preview":"max-image-preview:large","max-video-preview":"max-video-preview:-1"},"og_locale":"sl_SI","og_type":"article","og_title":"Contact us - Nova-consulting.fr","og_description":"En quoi pouvons-nous vous aider ? Vous voulez en savoir plus sur nos services, ou bien vous souhaitez nous confier la gestion d\u2019un projet ? N\u2019h\u00e9site pas \u00e0 contacter notre \u00e9quipe qui reviendra vers vous rapidement. PARLONS ENSEMBLE DE VOTRE PROJET 06 75 45 84 54","og_url":"https:\/\/www.nova-consulting.fr\/en\/contact-us\/","og_site_name":"Nova-consulting.fr","article_modified_time":"2022-03-15T12:04:14+00:00","twitter_card":"summary_large_image","twitter_misc":{"Est. reading time":"1 minuta"},"schema":{"@context":"https:\/\/schema.org","@graph":[{"@type":"WebSite","@id":"https:\/\/www.nova-consulting.fr\/en\/#website","url":"https:\/\/www.nova-consulting.fr\/en\/","name":"Nova-consulting.fr","description":"","potentialAction":[{"@type":"SearchAction","target":{"@type":"EntryPoint","urlTemplate":"https:\/\/www.nova-consulting.fr\/en\/?s={search_term_string}"},"query-input":"required name=search_term_string"}],"inLanguage":"sl-SI"},{"@type":"WebPage","@id":"https:\/\/www.nova-consulting.fr\/en\/contact-us\/#webpage","url":"https:\/\/www.nova-consulting.fr\/en\/contact-us\/","name":"Contact us - Nova-consulting.fr","isPartOf":{"@id":"https:\/\/www.nova-consulting.fr\/en\/#website"},"datePublished":"2017-03-03T21:21:26+00:00","dateModified":"2022-03-15T12:04:14+00:00","breadcrumb":{"@id":"https:\/\/www.nova-consulting.fr\/en\/contact-us\/#breadcrumb"},"inLanguage":"sl-SI","potentialAction":[{"@type":"ReadAction","target":["https:\/\/www.nova-consulting.fr\/en\/contact-us\/"]}]},{"@type":"BreadcrumbList","@id":"https:\/\/www.nova-consulting.fr\/en\/contact-us\/#breadcrumb","itemListElement":[{"@type":"ListItem","position":1,"name":"Home","item":"https:\/\/www.nova-consulting.fr\/en\/"},{"@type":"ListItem","position":2,"name":"Contact us"}]}]}},"_links":{"self":[{"href":"https:\/\/www.nova-consulting.fr\/en\/wp-json\/wp\/v2\/pages\/97","targetHints":{"allow":["GET"]}}],"collection":[{"href":"https:\/\/www.nova-consulting.fr\/en\/wp-json\/wp\/v2\/pages"}],"about":[{"href":"https:\/\/www.nova-consulting.fr\/en\/wp-json\/wp\/v2\/types\/page"}],"author":[{"embeddable":true,"href":"https:\/\/www.nova-consulting.fr\/en\/wp-json\/wp\/v2\/users\/1"}],"replies":[{"embeddable":true,"href":"https:\/\/www.nova-consulting.fr\/en\/wp-json\/wp\/v2\/comments?post=97"}],"version-history":[{"count":44,"href":"https:\/\/www.nova-consulting.fr\/en\/wp-json\/wp\/v2\/pages\/97\/revisions"}],"predecessor-version":[{"id":2589,"href":"https:\/\/www.nova-consulting.fr\/en\/wp-json\/wp\/v2\/pages\/97\/revisions\/2589"}],"wp:attachment":[{"href":"https:\/\/www.nova-consulting.fr\/en\/wp-json\/wp\/v2\/media?parent=97"}],"curies":[{"name":"wp","href":"https:\/\/api.w.org\/{rel}","templated":true}]}}